{"id":4296,"date":"2025-07-28T18:59:29","date_gmt":"2025-07-29T00:59:29","guid":{"rendered":"https:\/\/puertovallartatransport.com\/?page_id=4296"},"modified":"2025-10-15T17:17:18","modified_gmt":"2025-10-15T23:17:18","slug":"tours","status":"publish","type":"page","link":"https:\/\/oaxacatransportation.com\/es\/tours\/","title":{"rendered":"Tours"},"content":{"rendered":"<div class=\"gb-element-e5de6882\">\n<div class=\"container gb-element-b4071b7b\">\n<div class=\"gb-element-54d157ce\">\n<h1 class=\"gb-text heading-large gb-text-5b126efa\">VISITAS Y ACTIVIDADES<\/h1>\n\n\n\n<p class=\"gb-text gb-text-9f00fedc\">Ver todos los tours que ofrecemos a continuaci\u00f3n. Desde Hierve el Agua a Monte Alb\u00e1n, San Jos\u00e9 del Pac\u00edfico, Puerto Escondido y mucho m\u00e1s. \u00a1Reserve con antelaci\u00f3n para asegurar la disponibilidad!<\/p>\n<\/div>\n<\/div>\n<\/div>\n\n\n\n<div class=\"container gb-element-0e7353b7\">\n<div><div class=\"gb-looper-d12ef5ba\">\n<div class=\"gb-loop-item gb-loop-item-43e6c6bc post-5426 tours type-tours status-publish has-post-thumbnail hentry\">\n<a href=\"https:\/\/oaxacatransportation.com\/es\/tours\/hierve-el-agua\/\"><img loading=\"lazy\" decoding=\"async\" width=\"1920\" height=\"1280\" alt=\"Hierve el Agua\" data-media-id=\"6100\" class=\"gb-media-c5011ab1\" src=\"https:\/\/oaxacatransportation.com\/wp-content\/uploads\/2025\/03\/Hierve-el-Agua.jpg\" srcset=\"https:\/\/oaxacatransportation.com\/wp-content\/uploads\/2025\/03\/Hierve-el-Agua.jpg 1920w, https:\/\/oaxacatransportation.com\/wp-content\/uploads\/2025\/03\/Hierve-el-Agua-300x200.jpg 300w, https:\/\/oaxacatransportation.com\/wp-content\/uploads\/2025\/03\/Hierve-el-Agua-1024x683.jpg 1024w, https:\/\/oaxacatransportation.com\/wp-content\/uploads\/2025\/03\/Hierve-el-Agua-768x512.jpg 768w, https:\/\/oaxacatransportation.com\/wp-content\/uploads\/2025\/03\/Hierve-el-Agua-1536x1024.jpg 1536w, https:\/\/oaxacatransportation.com\/wp-content\/uploads\/2025\/03\/Hierve-el-Agua-18x12.jpg 18w\" sizes=\"auto, (max-width: 1920px) 100vw, 1920px\" \/><\/a>\n\n\n\n<div class=\"gb-element-2fd9fb3d\">\n<p class=\"gb-text gb-text-2f417bf1\"><a href=\"https:\/\/oaxacatransportation.com\/es\/tours\/hierve-el-agua\/\">Hierve el Agua Tour<\/a><\/p>\n\n\n\n<p class=\"gb-text gb-text-42e32ceb\">Disfrute de una aventura de un d\u00eda completo a Hierve el Agua, explore las antiguas ruinas de Mitla y visite una destiler\u00eda tradicional de mezcal. Reserva pronto, \u00a1las plazas se llenan r\u00e1pido!<\/p>\n<\/div>\n\n\n\n<div class=\"gb-element-2c933b9a\">\n<div>\n<p class=\"gb-text gb-text-bee65ded\">Tarifas Desde<\/p>\n\n\n\n<div class=\"gb-element-8c326568\">\n\n<\/div>\n<\/div>\n\n\n\n<a class=\"buttton-small gb-text-1b15a358\" href=\"https:\/\/oaxacatransportation.com\/es\/tours\/hierve-el-agua\/\"><span class=\"gb-text\">M\u00c1S INFO<\/span><span class=\"gb-shape\"><svg xmlns=\"http:\/\/www.w3.org\/2000\/svg\" width=\"16\" height=\"16\" fill=\"currentColor\" class=\"bi bi-arrow-right-short\" viewbox=\"0 0 16 16\">\n  <path fill-rule=\"evenodd\" d=\"M4 8a.5.5 0 0 1 .5-.5h5.793L8.146 5.354a.5.5 0 1 1 .708-.708l3 3a.5.5 0 0 1 0 .708l-3 3a.5.5 0 0 1-.708-.708L10.293 8.5H4.5A.5.5 0 0 1 4 8\"><\/path>\n<\/svg><\/span><\/a>\n<\/div>\n<\/div>\n\n<div class=\"gb-loop-item gb-loop-item-43e6c6bc post-5423 tours type-tours status-publish has-post-thumbnail hentry\">\n<a href=\"https:\/\/oaxacatransportation.com\/es\/tours\/monte-alban\/\"><img loading=\"lazy\" decoding=\"async\" width=\"1920\" height=\"1280\" alt=\"Monte Alb\u00e1n\" data-media-id=\"6102\" class=\"gb-media-c5011ab1\" src=\"https:\/\/oaxacatransportation.com\/wp-content\/uploads\/2025\/03\/Monte-Alban.jpg\" srcset=\"https:\/\/oaxacatransportation.com\/wp-content\/uploads\/2025\/03\/Monte-Alban.jpg 1920w, https:\/\/oaxacatransportation.com\/wp-content\/uploads\/2025\/03\/Monte-Alban-300x200.jpg 300w, https:\/\/oaxacatransportation.com\/wp-content\/uploads\/2025\/03\/Monte-Alban-1024x683.jpg 1024w, https:\/\/oaxacatransportation.com\/wp-content\/uploads\/2025\/03\/Monte-Alban-768x512.jpg 768w, https:\/\/oaxacatransportation.com\/wp-content\/uploads\/2025\/03\/Monte-Alban-1536x1024.jpg 1536w, https:\/\/oaxacatransportation.com\/wp-content\/uploads\/2025\/03\/Monte-Alban-18x12.jpg 18w\" sizes=\"auto, (max-width: 1920px) 100vw, 1920px\" \/><\/a>\n\n\n\n<div class=\"gb-element-2fd9fb3d\">\n<p class=\"gb-text gb-text-2f417bf1\"><a href=\"https:\/\/oaxacatransportation.com\/es\/tours\/monte-alban\/\">Excursi\u00f3n a Monte Alb\u00e1n<\/a><\/p>\n\n\n\n<p class=\"gb-text gb-text-42e32ceb\">Visite Monte Alb\u00e1n en una aventura cultural, con antiguas ruinas zapotecas, vistas panor\u00e1micas y un viaje inolvidable.<\/p>\n<\/div>\n\n\n\n<div class=\"gb-element-2c933b9a\">\n<div>\n<p class=\"gb-text gb-text-bee65ded\">Tarifas Desde<\/p>\n\n\n\n<div class=\"gb-element-8c326568\">\n\n<\/div>\n<\/div>\n\n\n\n<a class=\"buttton-small gb-text-1b15a358\" href=\"https:\/\/oaxacatransportation.com\/es\/tours\/monte-alban\/\"><span class=\"gb-text\">M\u00c1S INFO<\/span><span class=\"gb-shape\"><svg xmlns=\"http:\/\/www.w3.org\/2000\/svg\" width=\"16\" height=\"16\" fill=\"currentColor\" class=\"bi bi-arrow-right-short\" viewbox=\"0 0 16 16\">\n  <path fill-rule=\"evenodd\" d=\"M4 8a.5.5 0 0 1 .5-.5h5.793L8.146 5.354a.5.5 0 1 1 .708-.708l3 3a.5.5 0 0 1 0 .708l-3 3a.5.5 0 0 1-.708-.708L10.293 8.5H4.5A.5.5 0 0 1 4 8\"><\/path>\n<\/svg><\/span><\/a>\n<\/div>\n<\/div>\n\n<div class=\"gb-loop-item gb-loop-item-43e6c6bc post-5420 tours type-tours status-publish has-post-thumbnail hentry\">\n<a href=\"https:\/\/oaxacatransportation.com\/es\/tours\/santiago-apoala\/\"><img loading=\"lazy\" decoding=\"async\" width=\"1920\" height=\"1280\" alt=\"Santiago Apoala\" data-media-id=\"6108\" class=\"gb-media-c5011ab1\" src=\"https:\/\/oaxacatransportation.com\/wp-content\/uploads\/2025\/03\/Santiago-Apoala.jpg\" srcset=\"https:\/\/oaxacatransportation.com\/wp-content\/uploads\/2025\/03\/Santiago-Apoala.jpg 1920w, https:\/\/oaxacatransportation.com\/wp-content\/uploads\/2025\/03\/Santiago-Apoala-300x200.jpg 300w, https:\/\/oaxacatransportation.com\/wp-content\/uploads\/2025\/03\/Santiago-Apoala-1024x683.jpg 1024w, https:\/\/oaxacatransportation.com\/wp-content\/uploads\/2025\/03\/Santiago-Apoala-768x512.jpg 768w, https:\/\/oaxacatransportation.com\/wp-content\/uploads\/2025\/03\/Santiago-Apoala-1536x1024.jpg 1536w, https:\/\/oaxacatransportation.com\/wp-content\/uploads\/2025\/03\/Santiago-Apoala-18x12.jpg 18w\" sizes=\"auto, (max-width: 1920px) 100vw, 1920px\" \/><\/a>\n\n\n\n<div class=\"gb-element-2fd9fb3d\">\n<p class=\"gb-text gb-text-2f417bf1\"><a href=\"https:\/\/oaxacatransportation.com\/es\/tours\/santiago-apoala\/\">Tour Santiago Apoala<\/a><\/p>\n\n\n\n<p class=\"gb-text gb-text-42e32ceb\">Descubra la belleza de Santiago Apoala con una excursi\u00f3n a majestuosas cascadas, pintorescos ca\u00f1ones y antiguas formaciones rupestres.<\/p>\n<\/div>\n\n\n\n<div class=\"gb-element-2c933b9a\">\n<div>\n<p class=\"gb-text gb-text-bee65ded\">Tarifas Desde<\/p>\n\n\n\n<div class=\"gb-element-8c326568\">\n\n<\/div>\n<\/div>\n\n\n\n<a class=\"buttton-small gb-text-1b15a358\" href=\"https:\/\/oaxacatransportation.com\/es\/tours\/santiago-apoala\/\"><span class=\"gb-text\">M\u00c1S INFO<\/span><span class=\"gb-shape\"><svg xmlns=\"http:\/\/www.w3.org\/2000\/svg\" width=\"16\" height=\"16\" fill=\"currentColor\" class=\"bi bi-arrow-right-short\" viewbox=\"0 0 16 16\">\n  <path fill-rule=\"evenodd\" d=\"M4 8a.5.5 0 0 1 .5-.5h5.793L8.146 5.354a.5.5 0 1 1 .708-.708l3 3a.5.5 0 0 1 0 .708l-3 3a.5.5 0 0 1-.708-.708L10.293 8.5H4.5A.5.5 0 0 1 4 8\"><\/path>\n<\/svg><\/span><\/a>\n<\/div>\n<\/div>\n\n<div class=\"gb-loop-item gb-loop-item-43e6c6bc post-5417 tours type-tours status-publish has-post-thumbnail hentry\">\n<a href=\"https:\/\/oaxacatransportation.com\/es\/tours\/sierra-norte\/\"><img loading=\"lazy\" decoding=\"async\" width=\"1920\" height=\"1280\" alt=\"Sierra Norte\" data-media-id=\"6109\" class=\"gb-media-c5011ab1\" src=\"https:\/\/oaxacatransportation.com\/wp-content\/uploads\/2025\/03\/Sierra-Norte.jpg\" srcset=\"https:\/\/oaxacatransportation.com\/wp-content\/uploads\/2025\/03\/Sierra-Norte.jpg 1920w, https:\/\/oaxacatransportation.com\/wp-content\/uploads\/2025\/03\/Sierra-Norte-300x200.jpg 300w, https:\/\/oaxacatransportation.com\/wp-content\/uploads\/2025\/03\/Sierra-Norte-1024x683.jpg 1024w, https:\/\/oaxacatransportation.com\/wp-content\/uploads\/2025\/03\/Sierra-Norte-768x512.jpg 768w, https:\/\/oaxacatransportation.com\/wp-content\/uploads\/2025\/03\/Sierra-Norte-1536x1024.jpg 1536w, https:\/\/oaxacatransportation.com\/wp-content\/uploads\/2025\/03\/Sierra-Norte-18x12.jpg 18w\" sizes=\"auto, (max-width: 1920px) 100vw, 1920px\" \/><\/a>\n\n\n\n<div class=\"gb-element-2fd9fb3d\">\n<p class=\"gb-text gb-text-2f417bf1\"><a href=\"https:\/\/oaxacatransportation.com\/es\/tours\/sierra-norte\/\">Recorrido por la Sierra Norte<\/a><\/p>\n\n\n\n<p class=\"gb-text gb-text-42e32ceb\">Explore la Sierra Norte de Oaxaca, visitando pueblos de monta\u00f1a, miradores panor\u00e1micos, sitios hist\u00f3ricos y lugares de inter\u00e9s cultural en un viaje rico y envolvente.<\/p>\n<\/div>\n\n\n\n<div class=\"gb-element-2c933b9a\">\n<div>\n<p class=\"gb-text gb-text-bee65ded\">Tarifas Desde<\/p>\n\n\n\n<div class=\"gb-element-8c326568\">\n\n<\/div>\n<\/div>\n\n\n\n<a class=\"buttton-small gb-text-1b15a358\" href=\"https:\/\/oaxacatransportation.com\/es\/tours\/sierra-norte\/\"><span class=\"gb-text\">M\u00c1S INFO<\/span><span class=\"gb-shape\"><svg xmlns=\"http:\/\/www.w3.org\/2000\/svg\" width=\"16\" height=\"16\" fill=\"currentColor\" class=\"bi bi-arrow-right-short\" viewbox=\"0 0 16 16\">\n  <path fill-rule=\"evenodd\" d=\"M4 8a.5.5 0 0 1 .5-.5h5.793L8.146 5.354a.5.5 0 1 1 .708-.708l3 3a.5.5 0 0 1 0 .708l-3 3a.5.5 0 0 1-.708-.708L10.293 8.5H4.5A.5.5 0 0 1 4 8\"><\/path>\n<\/svg><\/span><\/a>\n<\/div>\n<\/div>\n\n<div class=\"gb-loop-item gb-loop-item-43e6c6bc post-5414 tours type-tours status-publish has-post-thumbnail hentry\">\n<a href=\"https:\/\/oaxacatransportation.com\/es\/tours\/san-jose-del-pacifico\/\"><img loading=\"lazy\" decoding=\"async\" width=\"1920\" height=\"1280\" alt=\"San Jos\u00e9 del Pac\u00edfico\" data-media-id=\"6106\" class=\"gb-media-c5011ab1\" src=\"https:\/\/oaxacatransportation.com\/wp-content\/uploads\/2025\/03\/San-Jose-del-Pacifico.jpg\" srcset=\"https:\/\/oaxacatransportation.com\/wp-content\/uploads\/2025\/03\/San-Jose-del-Pacifico.jpg 1920w, https:\/\/oaxacatransportation.com\/wp-content\/uploads\/2025\/03\/San-Jose-del-Pacifico-300x200.jpg 300w, https:\/\/oaxacatransportation.com\/wp-content\/uploads\/2025\/03\/San-Jose-del-Pacifico-1024x683.jpg 1024w, https:\/\/oaxacatransportation.com\/wp-content\/uploads\/2025\/03\/San-Jose-del-Pacifico-768x512.jpg 768w, https:\/\/oaxacatransportation.com\/wp-content\/uploads\/2025\/03\/San-Jose-del-Pacifico-1536x1024.jpg 1536w, https:\/\/oaxacatransportation.com\/wp-content\/uploads\/2025\/03\/San-Jose-del-Pacifico-18x12.jpg 18w\" sizes=\"auto, (max-width: 1920px) 100vw, 1920px\" \/><\/a>\n\n\n\n<div class=\"gb-element-2fd9fb3d\">\n<p class=\"gb-text gb-text-2f417bf1\"><a href=\"https:\/\/oaxacatransportation.com\/es\/tours\/san-jose-del-pacifico\/\">Excursi\u00f3n a San Jos\u00e9 del Pac\u00edfico<\/a><\/p>\n\n\n\n<p class=\"gb-text gb-text-42e32ceb\">\u00danase a nuestra aventura en San Jos\u00e9 del Pac\u00edfico para explorar bosques neblinosos, disfrutar de excursiones panor\u00e1micas y abrazar la tranquilidad de la monta\u00f1a.<\/p>\n<\/div>\n\n\n\n<div class=\"gb-element-2c933b9a\">\n<div>\n<p class=\"gb-text gb-text-bee65ded\">Tarifas Desde<\/p>\n\n\n\n<div class=\"gb-element-8c326568\">\n\n<\/div>\n<\/div>\n\n\n\n<a class=\"buttton-small gb-text-1b15a358\" href=\"https:\/\/oaxacatransportation.com\/es\/tours\/san-jose-del-pacifico\/\"><span class=\"gb-text\">M\u00c1S INFO<\/span><span class=\"gb-shape\"><svg xmlns=\"http:\/\/www.w3.org\/2000\/svg\" width=\"16\" height=\"16\" fill=\"currentColor\" class=\"bi bi-arrow-right-short\" viewbox=\"0 0 16 16\">\n  <path fill-rule=\"evenodd\" d=\"M4 8a.5.5 0 0 1 .5-.5h5.793L8.146 5.354a.5.5 0 1 1 .708-.708l3 3a.5.5 0 0 1 0 .708l-3 3a.5.5 0 0 1-.708-.708L10.293 8.5H4.5A.5.5 0 0 1 4 8\"><\/path>\n<\/svg><\/span><\/a>\n<\/div>\n<\/div>\n\n<div class=\"gb-loop-item gb-loop-item-43e6c6bc post-5402 tours type-tours status-publish has-post-thumbnail hentry\">\n<a href=\"https:\/\/oaxacatransportation.com\/es\/tours\/ocotlan-de-morelos\/\"><img loading=\"lazy\" decoding=\"async\" width=\"1920\" height=\"1280\" alt=\"Ocotl\u00e1n de Morelos\" data-media-id=\"6104\" class=\"gb-media-c5011ab1\" src=\"https:\/\/oaxacatransportation.com\/wp-content\/uploads\/2025\/03\/Ocotlan-de-Morelos.jpg\" srcset=\"https:\/\/oaxacatransportation.com\/wp-content\/uploads\/2025\/03\/Ocotlan-de-Morelos.jpg 1920w, https:\/\/oaxacatransportation.com\/wp-content\/uploads\/2025\/03\/Ocotlan-de-Morelos-300x200.jpg 300w, https:\/\/oaxacatransportation.com\/wp-content\/uploads\/2025\/03\/Ocotlan-de-Morelos-1024x683.jpg 1024w, https:\/\/oaxacatransportation.com\/wp-content\/uploads\/2025\/03\/Ocotlan-de-Morelos-768x512.jpg 768w, https:\/\/oaxacatransportation.com\/wp-content\/uploads\/2025\/03\/Ocotlan-de-Morelos-1536x1024.jpg 1536w, https:\/\/oaxacatransportation.com\/wp-content\/uploads\/2025\/03\/Ocotlan-de-Morelos-18x12.jpg 18w\" sizes=\"auto, (max-width: 1920px) 100vw, 1920px\" \/><\/a>\n\n\n\n<div class=\"gb-element-2fd9fb3d\">\n<p class=\"gb-text gb-text-2f417bf1\"><a href=\"https:\/\/oaxacatransportation.com\/es\/tours\/ocotlan-de-morelos\/\">Tour Ocotl\u00e1n<\/a><\/p>\n\n\n\n<p class=\"gb-text gb-text-42e32ceb\">Descubra la rica artesan\u00eda de Oaxaca en una visita cultural guiada, explorando pueblos artesanos y oficios consagrados.<\/p>\n<\/div>\n\n\n\n<div class=\"gb-element-2c933b9a\">\n<div>\n<p class=\"gb-text gb-text-bee65ded\">Tarifas Desde<\/p>\n\n\n\n<div class=\"gb-element-8c326568\">\n\n<\/div>\n<\/div>\n\n\n\n<a class=\"buttton-small gb-text-1b15a358\" href=\"https:\/\/oaxacatransportation.com\/es\/tours\/ocotlan-de-morelos\/\"><span class=\"gb-text\">M\u00c1S INFO<\/span><span class=\"gb-shape\"><svg xmlns=\"http:\/\/www.w3.org\/2000\/svg\" width=\"16\" height=\"16\" fill=\"currentColor\" class=\"bi bi-arrow-right-short\" viewbox=\"0 0 16 16\">\n  <path fill-rule=\"evenodd\" d=\"M4 8a.5.5 0 0 1 .5-.5h5.793L8.146 5.354a.5.5 0 1 1 .708-.708l3 3a.5.5 0 0 1 0 .708l-3 3a.5.5 0 0 1-.708-.708L10.293 8.5H4.5A.5.5 0 0 1 4 8\"><\/path>\n<\/svg><\/span><\/a>\n<\/div>\n<\/div>\n\n<div class=\"gb-loop-item gb-loop-item-43e6c6bc post-5124 tours type-tours status-publish has-post-thumbnail hentry\">\n<a href=\"https:\/\/oaxacatransportation.com\/es\/tours\/san-sebastian-de-las-grutas\/\"><img loading=\"lazy\" decoding=\"async\" width=\"1920\" height=\"1280\" alt=\"San Sebasti\u00e1n de las Grutas\" data-media-id=\"6107\" class=\"gb-media-c5011ab1\" src=\"https:\/\/oaxacatransportation.com\/wp-content\/uploads\/2025\/03\/San-Sebastian-de-las-Grutas.jpg\" srcset=\"https:\/\/oaxacatransportation.com\/wp-content\/uploads\/2025\/03\/San-Sebastian-de-las-Grutas.jpg 1920w, https:\/\/oaxacatransportation.com\/wp-content\/uploads\/2025\/03\/San-Sebastian-de-las-Grutas-300x200.jpg 300w, https:\/\/oaxacatransportation.com\/wp-content\/uploads\/2025\/03\/San-Sebastian-de-las-Grutas-1024x683.jpg 1024w, https:\/\/oaxacatransportation.com\/wp-content\/uploads\/2025\/03\/San-Sebastian-de-las-Grutas-768x512.jpg 768w, https:\/\/oaxacatransportation.com\/wp-content\/uploads\/2025\/03\/San-Sebastian-de-las-Grutas-1536x1024.jpg 1536w, https:\/\/oaxacatransportation.com\/wp-content\/uploads\/2025\/03\/San-Sebastian-de-las-Grutas-18x12.jpg 18w\" sizes=\"auto, (max-width: 1920px) 100vw, 1920px\" \/><\/a>\n\n\n\n<div class=\"gb-element-2fd9fb3d\">\n<p class=\"gb-text gb-text-2f417bf1\"><a href=\"https:\/\/oaxacatransportation.com\/es\/tours\/san-sebastian-de-las-grutas\/\">Excursi\u00f3n a San Sebasti\u00e1n de Las Grutas<\/a><\/p>\n\n\n\n<p class=\"gb-text gb-text-42e32ceb\">Emb\u00e1rquese en una emocionante aventura por las cuevas de San Sebasti\u00e1n Las Grutas, con excursiones panor\u00e1micas, exploraci\u00f3n subterr\u00e1nea y formaciones naturales.<\/p>\n<\/div>\n\n\n\n<div class=\"gb-element-2c933b9a\">\n<div>\n<p class=\"gb-text gb-text-bee65ded\">Tarifas Desde<\/p>\n\n\n\n<div class=\"gb-element-8c326568\">\n\n<\/div>\n<\/div>\n\n\n\n<a class=\"buttton-small gb-text-1b15a358\" href=\"https:\/\/oaxacatransportation.com\/es\/tours\/san-sebastian-de-las-grutas\/\"><span class=\"gb-text\">M\u00c1S INFO<\/span><span class=\"gb-shape\"><svg xmlns=\"http:\/\/www.w3.org\/2000\/svg\" width=\"16\" height=\"16\" fill=\"currentColor\" class=\"bi bi-arrow-right-short\" viewbox=\"0 0 16 16\">\n  <path fill-rule=\"evenodd\" d=\"M4 8a.5.5 0 0 1 .5-.5h5.793L8.146 5.354a.5.5 0 1 1 .708-.708l3 3a.5.5 0 0 1 0 .708l-3 3a.5.5 0 0 1-.708-.708L10.293 8.5H4.5A.5.5 0 0 1 4 8\"><\/path>\n<\/svg><\/span><\/a>\n<\/div>\n<\/div>\n\n<div class=\"gb-loop-item gb-loop-item-43e6c6bc post-5120 tours type-tours status-publish has-post-thumbnail hentry\">\n<a href=\"https:\/\/oaxacatransportation.com\/es\/tours\/oaxaca-city-walking-tour\/\"><img loading=\"lazy\" decoding=\"async\" width=\"1920\" height=\"1280\" alt=\"Ciudad de Oaxaca\" data-media-id=\"6093\" class=\"gb-media-c5011ab1\" src=\"https:\/\/oaxacatransportation.com\/wp-content\/uploads\/2025\/07\/Oaxaca-City.jpg\" srcset=\"https:\/\/oaxacatransportation.com\/wp-content\/uploads\/2025\/07\/Oaxaca-City.jpg 1920w, https:\/\/oaxacatransportation.com\/wp-content\/uploads\/2025\/07\/Oaxaca-City-300x200.jpg 300w, https:\/\/oaxacatransportation.com\/wp-content\/uploads\/2025\/07\/Oaxaca-City-1024x683.jpg 1024w, https:\/\/oaxacatransportation.com\/wp-content\/uploads\/2025\/07\/Oaxaca-City-768x512.jpg 768w, https:\/\/oaxacatransportation.com\/wp-content\/uploads\/2025\/07\/Oaxaca-City-1536x1024.jpg 1536w, https:\/\/oaxacatransportation.com\/wp-content\/uploads\/2025\/07\/Oaxaca-City-18x12.jpg 18w\" sizes=\"auto, (max-width: 1920px) 100vw, 1920px\" \/><\/a>\n\n\n\n<div class=\"gb-element-2fd9fb3d\">\n<p class=\"gb-text gb-text-2f417bf1\"><a href=\"https:\/\/oaxacatransportation.com\/es\/tours\/oaxaca-city-walking-tour\/\">Paseo por la ciudad de Oaxaca<\/a><\/p>\n\n\n\n<p class=\"gb-text gb-text-42e32ceb\">Emb\u00e1rquese en un vibrante viaje cultural por la ciudad de Oaxaca, con sus monumentos hist\u00f3ricos, sus coloridos mercados, su artesan\u00eda local y su rico encanto colonial.<\/p>\n<\/div>\n\n\n\n<div class=\"gb-element-2c933b9a\">\n<div>\n<p class=\"gb-text gb-text-bee65ded\">Tarifas Desde<\/p>\n\n\n\n<div class=\"gb-element-8c326568\">\n\n<\/div>\n<\/div>\n\n\n\n<a class=\"buttton-small gb-text-1b15a358\" href=\"https:\/\/oaxacatransportation.com\/es\/tours\/oaxaca-city-walking-tour\/\"><span class=\"gb-text\">M\u00c1S INFO<\/span><span class=\"gb-shape\"><svg xmlns=\"http:\/\/www.w3.org\/2000\/svg\" width=\"16\" height=\"16\" fill=\"currentColor\" class=\"bi bi-arrow-right-short\" viewbox=\"0 0 16 16\">\n  <path fill-rule=\"evenodd\" d=\"M4 8a.5.5 0 0 1 .5-.5h5.793L8.146 5.354a.5.5 0 1 1 .708-.708l3 3a.5.5 0 0 1 0 .708l-3 3a.5.5 0 0 1-.708-.708L10.293 8.5H4.5A.5.5 0 0 1 4 8\"><\/path>\n<\/svg><\/span><\/a>\n<\/div>\n<\/div>\n\n<div class=\"gb-loop-item gb-loop-item-43e6c6bc post-5116 tours type-tours status-publish has-post-thumbnail hentry\">\n<a href=\"https:\/\/oaxacatransportation.com\/es\/tours\/puerto-escondido\/\"><img loading=\"lazy\" decoding=\"async\" width=\"1920\" height=\"1280\" alt=\"Puerto Escondido\" data-media-id=\"6105\" class=\"gb-media-c5011ab1\" src=\"https:\/\/oaxacatransportation.com\/wp-content\/uploads\/2025\/03\/Puerto-Escondido.jpg\" srcset=\"https:\/\/oaxacatransportation.com\/wp-content\/uploads\/2025\/03\/Puerto-Escondido.jpg 1920w, https:\/\/oaxacatransportation.com\/wp-content\/uploads\/2025\/03\/Puerto-Escondido-300x200.jpg 300w, https:\/\/oaxacatransportation.com\/wp-content\/uploads\/2025\/03\/Puerto-Escondido-1024x683.jpg 1024w, https:\/\/oaxacatransportation.com\/wp-content\/uploads\/2025\/03\/Puerto-Escondido-768x512.jpg 768w, https:\/\/oaxacatransportation.com\/wp-content\/uploads\/2025\/03\/Puerto-Escondido-1536x1024.jpg 1536w, https:\/\/oaxacatransportation.com\/wp-content\/uploads\/2025\/03\/Puerto-Escondido-18x12.jpg 18w\" sizes=\"auto, (max-width: 1920px) 100vw, 1920px\" \/><\/a>\n\n\n\n<div class=\"gb-element-2fd9fb3d\">\n<p class=\"gb-text gb-text-2f417bf1\"><a href=\"https:\/\/oaxacatransportation.com\/es\/tours\/puerto-escondido\/\">Excursi\u00f3n a Puerto Escondido<\/a><\/p>\n\n\n\n<p class=\"gb-text gb-text-42e32ceb\">Emb\u00e1rquese en una estimulante aventura costera en Puerto Escondido, con playas, buceo y vistas al oc\u00e9ano a lo largo de la costa.<\/p>\n<\/div>\n\n\n\n<div class=\"gb-element-2c933b9a\">\n<div>\n<p class=\"gb-text gb-text-bee65ded\">Tarifas Desde<\/p>\n\n\n\n<div class=\"gb-element-8c326568\">\n\n<\/div>\n<\/div>\n\n\n\n<a class=\"buttton-small gb-text-1b15a358\" href=\"https:\/\/oaxacatransportation.com\/es\/tours\/puerto-escondido\/\"><span class=\"gb-text\">M\u00c1S INFO<\/span><span class=\"gb-shape\"><svg xmlns=\"http:\/\/www.w3.org\/2000\/svg\" width=\"16\" height=\"16\" fill=\"currentColor\" class=\"bi bi-arrow-right-short\" viewbox=\"0 0 16 16\">\n  <path fill-rule=\"evenodd\" d=\"M4 8a.5.5 0 0 1 .5-.5h5.793L8.146 5.354a.5.5 0 1 1 .708-.708l3 3a.5.5 0 0 1 0 .708l-3 3a.5.5 0 0 1-.708-.708L10.293 8.5H4.5A.5.5 0 0 1 4 8\"><\/path>\n<\/svg><\/span><\/a>\n<\/div>\n<\/div>\n\n<div class=\"gb-loop-item gb-loop-item-43e6c6bc post-5112 tours type-tours status-publish has-post-thumbnail hentry\">\n<a href=\"https:\/\/oaxacatransportation.com\/es\/tours\/huatulco-catamaran\/\"><img loading=\"lazy\" decoding=\"async\" width=\"1920\" height=\"1280\" alt=\"Huatulco 7 Bah\u00edas\" data-media-id=\"6101\" class=\"gb-media-c5011ab1\" src=\"https:\/\/oaxacatransportation.com\/wp-content\/uploads\/2025\/03\/Huatulco-7-Bay.jpg\" srcset=\"https:\/\/oaxacatransportation.com\/wp-content\/uploads\/2025\/03\/Huatulco-7-Bay.jpg 1920w, https:\/\/oaxacatransportation.com\/wp-content\/uploads\/2025\/03\/Huatulco-7-Bay-300x200.jpg 300w, https:\/\/oaxacatransportation.com\/wp-content\/uploads\/2025\/03\/Huatulco-7-Bay-1024x683.jpg 1024w, https:\/\/oaxacatransportation.com\/wp-content\/uploads\/2025\/03\/Huatulco-7-Bay-768x512.jpg 768w, https:\/\/oaxacatransportation.com\/wp-content\/uploads\/2025\/03\/Huatulco-7-Bay-1536x1024.jpg 1536w, https:\/\/oaxacatransportation.com\/wp-content\/uploads\/2025\/03\/Huatulco-7-Bay-18x12.jpg 18w\" sizes=\"auto, (max-width: 1920px) 100vw, 1920px\" \/><\/a>\n\n\n\n<div class=\"gb-element-2fd9fb3d\">\n<p class=\"gb-text gb-text-2f417bf1\"><a href=\"https:\/\/oaxacatransportation.com\/es\/tours\/huatulco-catamaran\/\">Tour en Catamar\u00e1n por Huatulco<\/a><\/p>\n\n\n\n<p class=\"gb-text gb-text-42e32ceb\">Explore las 7 Bah\u00edas de Huatulco en catamar\u00e1n con snorkel, vistas impresionantes y un relajante crucero con todo incluido.<\/p>\n<\/div>\n\n\n\n<div class=\"gb-element-2c933b9a\">\n<div>\n<p class=\"gb-text gb-text-bee65ded\">Tarifas Desde<\/p>\n\n\n\n<div class=\"gb-element-8c326568\">\n\n<\/div>\n<\/div>\n\n\n\n<a class=\"buttton-small gb-text-1b15a358\" href=\"https:\/\/oaxacatransportation.com\/es\/tours\/huatulco-catamaran\/\"><span class=\"gb-text\">M\u00c1S INFO<\/span><span class=\"gb-shape\"><svg xmlns=\"http:\/\/www.w3.org\/2000\/svg\" width=\"16\" height=\"16\" fill=\"currentColor\" class=\"bi bi-arrow-right-short\" viewbox=\"0 0 16 16\">\n  <path fill-rule=\"evenodd\" d=\"M4 8a.5.5 0 0 1 .5-.5h5.793L8.146 5.354a.5.5 0 1 1 .708-.708l3 3a.5.5 0 0 1 0 .708l-3 3a.5.5 0 0 1-.708-.708L10.293 8.5H4.5A.5.5 0 0 1 4 8\"><\/path>\n<\/svg><\/span><\/a>\n<\/div>\n<\/div>\n<\/div>\n\n\n<div class=\"gb-element-7e383c14 gb-query-loop-pagination\"><\/div>\n<\/div>\n<\/div>","protected":false},"excerpt":{"rendered":"<p>TOURS Y ACTIVIDADES Ver todos los tours que ofrecemos a continuaci\u00f3n. Desde Hierve el Agua a Monte Alb\u00e1n, San Jos\u00e9 del Pac\u00edfico, Puerto Escondido y mucho m\u00e1s. \u00a1Reserve con antelaci\u00f3n para asegurar la disponibilidad!<\/p>","protected":false},"author":1,"featured_media":0,"parent":0,"menu_order":0,"comment_status":"closed","ping_status":"closed","template":"","meta":{"_acf_changed":false,"_monsterinsights_skip_tracking":false,"_monsterinsights_sitenote_active":false,"_monsterinsights_sitenote_note":"","_monsterinsights_sitenote_category":0,"footnotes":""},"class_list":["post-4296","page","type-page","status-publish"],"acf":[],"_links":{"self":[{"href":"https:\/\/oaxacatransportation.com\/es\/wp-json\/wp\/v2\/pages\/4296","targetHints":{"allow":["GET"]}}],"collection":[{"href":"https:\/\/oaxacatransportation.com\/es\/wp-json\/wp\/v2\/pages"}],"about":[{"href":"https:\/\/oaxacatransportation.com\/es\/wp-json\/wp\/v2\/types\/page"}],"author":[{"embeddable":true,"href":"https:\/\/oaxacatransportation.com\/es\/wp-json\/wp\/v2\/users\/1"}],"replies":[{"embeddable":true,"href":"https:\/\/oaxacatransportation.com\/es\/wp-json\/wp\/v2\/comments?post=4296"}],"version-history":[{"count":58,"href":"https:\/\/oaxacatransportation.com\/es\/wp-json\/wp\/v2\/pages\/4296\/revisions"}],"predecessor-version":[{"id":6426,"href":"https:\/\/oaxacatransportation.com\/es\/wp-json\/wp\/v2\/pages\/4296\/revisions\/6426"}],"wp:attachment":[{"href":"https:\/\/oaxacatransportation.com\/es\/wp-json\/wp\/v2\/media?parent=4296"}],"curies":[{"name":"wp","href":"https:\/\/api.w.org\/{rel}","templated":true}]}}